{"id":2503,"date":"2026-04-06T18:31:52","date_gmt":"2026-04-06T18:31:52","guid":{"rendered":"https:\/\/windcatactivities.com\/politica-de-cookies\/"},"modified":"2026-04-06T18:48:45","modified_gmt":"2026-04-06T18:48:45","slug":"politica-de-cookies","status":"publish","type":"page","link":"https:\/\/windcatactivities.com\/fr\/politica-de-cookies\/","title":{"rendered":"Politique de cookies"},"content":{"rendered":"<h2>1. Que sont les cookies ?<\/h2>\n<p>Les cookies sont de petits fichiers texte stock\u00e9s sur votre appareil lorsque vous visitez un site Web. Ils permettent au site de m\u00e9moriser vos actions et vos pr\u00e9f\u00e9rences afin que vous n'ayez pas \u00e0 les saisir \u00e0 nouveau \u00e0 chaque visite.<\/p>\n<h2>2. Responsable de l'utilisation des cookies<\/h2>\n<p><strong>Pau Marqu\u00e8s Emo<\/strong>, titulaire de Wind Cat Activities. Contact : <a href=\"mailto:info@windcatactivities.com\">info@windcatactivities.com<\/a> Carrer de Cal\u00e0bria 161, Barcelone.<\/p>\n<h2>3. Cookies que nous utilisons<\/h2>\n<h3>Cookies techniques (n\u00e9cessaires \u2014 ne n\u00e9cessitent pas de consentement)<\/h3>\n<table>\n<thead>\n<tr>\n<th>Biscut<\/th>\n<th>Finalit\u00e9<\/th>\n<th>Dur\u00e9e<\/th>\n<\/tr>\n<\/thead>\n<tbody>\n<tr>\n<td>wordpress_*, wp-settings-*<\/td>\n<td>Gestion des sessions et des pr\u00e9f\u00e9rences de WordPress<\/td>\n<td>Session \/ 1 an<\/td>\n<\/tr>\n<tr>\n<td>litespeed_*<\/td>\n<td>Gestion du cache serveur<\/td>\n<td>S\u00e9ance<\/td>\n<\/tr>\n<\/tbody>\n<\/table>\n<h3>Cookies analytiques (n\u00e9cessitent le consentement)<\/h3>\n<table>\n<thead>\n<tr>\n<th>Biscut<\/th>\n<th>Fournisseur<\/th>\n<th>Finalit\u00e9<\/th>\n<th>Dur\u00e9e<\/th>\n<\/tr>\n<\/thead>\n<tbody>\n<tr>\n<td>_ga, _ga_*<\/td>\n<td>Google Analytics<\/td>\n<td>Statistiques de visites et de comportement<\/td>\n<td>2 ans<\/td>\n<\/tr>\n<tr>\n<td>_gid<\/td>\n<td>Google Analytics<\/td>\n<td>Distinguer les utilisateurs uniques<\/td>\n<td>24 heures<\/td>\n<\/tr>\n<\/tbody>\n<\/table>\n<h2>4. Comment g\u00e9rer les cookies<\/h2>\n<p>Vous pouvez accepter, refuser ou modifier vos pr\u00e9f\u00e9rences via le panneau de cookies qui appara\u00eet lors de votre premi\u00e8re visite sur le site, ou \u00e0 tout moment via le lien en pied de page.<\/p>\n<p>Vous pouvez \u00e9galement configurer votre navigateur :<\/p>\n<ul>\n<li><a href=\"https:\/\/support.google.com\/chrome\/answer\/95647\" target=\"_blank\" rel=\"noopener\">Google Chrome<\/a><\/li>\n<li><a href=\"https:\/\/support.mozilla.org\/es\/kb\/habilitar-y-deshabilitar-cookies-sitios-web-rastrear-preferencias\" target=\"_blank\" rel=\"noopener\">Mozilla Firefox<\/a><\/li>\n<li><a href=\"https:\/\/support.apple.com\/es-es\/guide\/safari\/sfri11471\/mac\" target=\"_blank\" rel=\"noopener\">Safari<\/a><\/li>\n<li><a href=\"https:\/\/support.microsoft.com\/es-es\/microsoft-edge\/eliminar-las-cookies-en-microsoft-edge-63947406-40ac-c3b8-57b9-2a946a29ae09\" target=\"_blank\" rel=\"noopener\">Microsoft Edge<\/a><\/li>\n<\/ul>\n<h2>5. Transferts internationaux<\/h2>\n<p>Google Analytics peut transf\u00e9rer des donn\u00e9es vers des serveurs situ\u00e9s en dehors de l'Espace \u00e9conomique europ\u00e9en. Google adh\u00e8re au cadre UE-\u00c9tats-Unis pour la protection de la vie priv\u00e9e. En savoir plus sur le <a href=\"https:\/\/policies.google.com\/privacy\" target=\"_blank\" rel=\"noopener\">Politique de confidentialit\u00e9 de Google<\/a>.<\/p>\n<h2>6. Modifications<\/h2>\n<p>Cette politique peut \u00eatre mise \u00e0 jour. Derni\u00e8re r\u00e9vision dat\u00e9e\u00a0: avril\u00a02026.<\/p>","protected":false},"excerpt":{"rendered":"<p>1. \u00bfQu\u00e9 son las cookies? Las cookies son peque\u00f1os archivos de texto que se almacenan en tu dispositivo cuando visitas [&hellip;]<\/p>\n","protected":false},"author":1,"featured_media":0,"parent":0,"menu_order":0,"comment_status":"closed","ping_status":"closed","template":"","meta":{"_uag_custom_page_level_css":"","site-sidebar-layout":"default","site-content-layout":"","ast-site-content-layout":"default","site-content-style":"default","site-sidebar-style":"default","ast-global-header-display":"","ast-banner-title-visibility":"","ast-main-header-display":"","ast-hfb-above-header-display":"","ast-hfb-below-header-display":"","ast-hfb-mobile-header-display":"","site-post-title":"","ast-breadcrumbs-content":"","ast-featured-img":"","footer-sml-layout":"","ast-disable-related-posts":"","theme-transparent-header-meta":"","adv-header-id-meta":"","stick-header-meta":"","header-above-stick-meta":"","header-main-stick-meta":"","header-below-stick-meta":"","astra-migrate-meta-layouts":"default","ast-page-background-enabled":"default","ast-page-background-meta":{"desktop":{"background-color":"var(--ast-global-color-5)","background-image":"","background-repeat":"repeat","background-position":"center center","background-size":"auto","background-attachment":"scroll","background-type":"","background-media":"","overlay-type":"","overlay-color":"","overlay-opacity":"","overlay-gradient":""},"tablet":{"background-color":"","background-image":"","background-repeat":"repeat","background-position":"center center","background-size":"auto","background-attachment":"scroll","background-type":"","background-media":"","overlay-type":"","overlay-color":"","overlay-opacity":"","overlay-gradient":""},"mobile":{"background-color":"","background-image":"","background-repeat":"repeat","background-position":"center center","background-size":"auto","background-attachment":"scroll","background-type":"","background-media":"","overlay-type":"","overlay-color":"","overlay-opacity":"","overlay-gradient":""}},"ast-content-background-meta":{"desktop":{"background-color":"var(--ast-global-color-4)","background-image":"","background-repeat":"repeat","background-position":"center center","background-size":"auto","background-attachment":"scroll","background-type":"","background-media":"","overlay-type":"","overlay-color":"","overlay-opacity":"","overlay-gradient":""},"tablet":{"background-color":"var(--ast-global-color-4)","background-image":"","background-repeat":"repeat","background-position":"center center","background-size":"auto","background-attachment":"scroll","background-type":"","background-media":"","overlay-type":"","overlay-color":"","overlay-opacity":"","overlay-gradient":""},"mobile":{"background-color":"var(--ast-global-color-4)","background-image":"","background-repeat":"repeat","background-position":"center center","background-size":"auto","background-attachment":"scroll","background-type":"","background-media":"","overlay-type":"","overlay-color":"","overlay-opacity":"","overlay-gradient":""}},"footnotes":""},"class_list":["post-2503","page","type-page","status-publish","hentry"],"aioseo_notices":[],"spectra_custom_meta":{"_uag_css_file_name":["uag-css-2503.css"],"_elementor_page_assets":["a:0:{}"],"_uag_page_assets":["a:9:{s:3:\"css\";s:260:\".uag-blocks-common-selector{z-index:var(--z-index-desktop) !important}@media(max-width: 976px){.uag-blocks-common-selector{z-index:var(--z-index-tablet) !important}}@media(max-width: 767px){.uag-blocks-common-selector{z-index:var(--z-index-mobile) !important}}\";s:2:\"js\";s:0:\"\";s:18:\"current_block_list\";a:7:{i:0;s:11:\"core\/search\";i:1;s:10:\"core\/group\";i:2;s:12:\"core\/heading\";i:3;s:17:\"core\/latest-posts\";i:4;s:20:\"core\/latest-comments\";i:5;s:13:\"core\/archives\";i:6;s:15:\"core\/categories\";}s:8:\"uag_flag\";b:0;s:11:\"uag_version\";s:10:\"1777961688\";s:6:\"gfonts\";a:0:{}s:10:\"gfonts_url\";s:0:\"\";s:12:\"gfonts_files\";a:0:{}s:14:\"uag_faq_layout\";b:0;}"]},"uagb_featured_image_src":{"full":false,"thumbnail":false,"medium":false,"medium_large":false,"large":false,"1536x1536":false,"2048x2048":false,"trp-custom-language-flag":false},"uagb_author_info":{"display_name":"Pau Marqu\u00e8s","author_link":"https:\/\/windcatactivities.com\/fr\/author\/pau-marques\/"},"uagb_comment_info":0,"uagb_excerpt":"1. \u00bfQu\u00e9 son las cookies? Las cookies son peque\u00f1os archivos de texto que se almacenan en tu dispositivo cuando visitas [&hellip;]","_links":{"self":[{"href":"https:\/\/windcatactivities.com\/fr\/wp-json\/wp\/v2\/pages\/2503","targetHints":{"allow":["GET"]}}],"collection":[{"href":"https:\/\/windcatactivities.com\/fr\/wp-json\/wp\/v2\/pages"}],"about":[{"href":"https:\/\/windcatactivities.com\/fr\/wp-json\/wp\/v2\/types\/page"}],"author":[{"embeddable":true,"href":"https:\/\/windcatactivities.com\/fr\/wp-json\/wp\/v2\/users\/1"}],"replies":[{"embeddable":true,"href":"https:\/\/windcatactivities.com\/fr\/wp-json\/wp\/v2\/comments?post=2503"}],"version-history":[{"count":1,"href":"https:\/\/windcatactivities.com\/fr\/wp-json\/wp\/v2\/pages\/2503\/revisions"}],"predecessor-version":[{"id":2509,"href":"https:\/\/windcatactivities.com\/fr\/wp-json\/wp\/v2\/pages\/2503\/revisions\/2509"}],"wp:attachment":[{"href":"https:\/\/windcatactivities.com\/fr\/wp-json\/wp\/v2\/media?parent=2503"}],"curies":[{"name":"wp","href":"https:\/\/api.w.org\/{rel}","templated":true}]}}