{"id":2502,"date":"2026-04-06T18:31:14","date_gmt":"2026-04-06T18:31:14","guid":{"rendered":"https:\/\/windcatactivities.com\/politica-de-privacidad\/"},"modified":"2026-04-06T18:48:45","modified_gmt":"2026-04-06T18:48:45","slug":"politica-de-privacidad","status":"publish","type":"page","link":"https:\/\/windcatactivities.com\/en\/politica-de-privacidad\/","title":{"rendered":"Privacy Policy"},"content":{"rendered":"<h2>1. Data controller<\/h2>\n<ul>\n<li><strong>Manager<\/strong> Pau Marqu\u00e8s Emo<\/li>\n<li><strong>NIF<\/strong> 46125239G<\/li>\n<li><strong>Home address<\/strong> 161 Carrer de Cal\u00e0bria, Barcelona<\/li>\n<li><strong>Email<\/strong> info@windcatactivities.com<\/li>\n<li><strong>Telephone<\/strong> +34 661 230 370<\/li>\n<\/ul>\n<h2>2. Purpose of processing and data collected<\/h2>\n<p>The personal data you provide will be processed for:<\/p>\n<ul>\n<li><strong>Contact form:<\/strong> manage your query and respond to you. Data: name, surname, email address and message.<\/li>\n<li><strong>Estimates and proposals<\/strong> Develop personalised activity proposals. Data: that provided during the sales process.<\/li>\n<li><strong>Business communications<\/strong> only with your explicit consent, to send you information about Wind Cat Activities' news and activities.<\/li>\n<\/ul>\n<h2>3. Legal basis for processing<\/h2>\n<ul>\n<li>Execution of pre-contractual or contractual measures (Art. 6.1.b GDPR) for the management of enquiries and quotations.<\/li>\n<li>Legitimate interest (Art. 6.1.f GDPR) for internal management of the activity.<\/li>\n<li>Consent of the data subject (Art. 6.1.a GDPR) for the sending of commercial communications.<\/li>\n<\/ul>\n<h2>4. Data conservation<\/h2>\n<p>The data will be retained for as long as necessary to address the query and thereafter for the applicable statutory limitation periods. For commercial communications, until you withdraw your consent.<\/p>\n<h2>5. Recipients<\/h2>\n<p>We do not share data with third parties, unless legally required or when strictly necessary for the provision of the service (technology providers with data processor contracts).<\/p>\n<h2>6. Your rights<\/h2>\n<p>You can exercise your rights of access, rectification, erasure, objection, restriction, and portability at any time by sending an email to <a href=\"mailto:info@windcatactivities.com\">info@windcatactivities.com<\/a> with a copy of your ID.<\/p>\n<p>You have the right to lodge a complaint with the <a href=\"https:\/\/www.aepd.es\" target=\"_blank\" rel=\"noopener\">Spanish Data Protection Agency (AEPD)<\/a>.<\/p>\n<h2>7. Safety<\/h2>\n<p>We apply appropriate technical and organisational measures to ensure data security and prevent loss, alteration or unauthorised access, in accordance with the GDPR.<\/p>\n<h2>8. Modifications<\/h2>\n<p>This policy may be updated. We recommend you review it periodically.<\/p>","protected":false},"excerpt":{"rendered":"<p>1. Responsable del tratamiento Responsable: Pau Marqu\u00e8s Emo NIF: 46125239G Domicilio: Carrer de Cal\u00e0bria 161, Barcelona Email: info@windcatactivities.com Tel\u00e9fono: +34 [&hellip;]<\/p>\n","protected":false},"author":1,"featured_media":0,"parent":0,"menu_order":0,"comment_status":"closed","ping_status":"closed","template":"","meta":{"_uag_custom_page_level_css":"","site-sidebar-layout":"default","site-content-layout":"","ast-site-content-layout":"default","site-content-style":"default","site-sidebar-style":"default","ast-global-header-display":"","ast-banner-title-visibility":"","ast-main-header-display":"","ast-hfb-above-header-display":"","ast-hfb-below-header-display":"","ast-hfb-mobile-header-display":"","site-post-title":"","ast-breadcrumbs-content":"","ast-featured-img":"","footer-sml-layout":"","ast-disable-related-posts":"","theme-transparent-header-meta":"","adv-header-id-meta":"","stick-header-meta":"","header-above-stick-meta":"","header-main-stick-meta":"","header-below-stick-meta":"","astra-migrate-meta-layouts":"default","ast-page-background-enabled":"default","ast-page-background-meta":{"desktop":{"background-color":"var(--ast-global-color-5)","background-image":"","background-repeat":"repeat","background-position":"center center","background-size":"auto","background-attachment":"scroll","background-type":"","background-media":"","overlay-type":"","overlay-color":"","overlay-opacity":"","overlay-gradient":""},"tablet":{"background-color":"","background-image":"","background-repeat":"repeat","background-position":"center center","background-size":"auto","background-attachment":"scroll","background-type":"","background-media":"","overlay-type":"","overlay-color":"","overlay-opacity":"","overlay-gradient":""},"mobile":{"background-color":"","background-image":"","background-repeat":"repeat","background-position":"center center","background-size":"auto","background-attachment":"scroll","background-type":"","background-media":"","overlay-type":"","overlay-color":"","overlay-opacity":"","overlay-gradient":""}},"ast-content-background-meta":{"desktop":{"background-color":"var(--ast-global-color-4)","background-image":"","background-repeat":"repeat","background-position":"center center","background-size":"auto","background-attachment":"scroll","background-type":"","background-media":"","overlay-type":"","overlay-color":"","overlay-opacity":"","overlay-gradient":""},"tablet":{"background-color":"var(--ast-global-color-4)","background-image":"","background-repeat":"repeat","background-position":"center center","background-size":"auto","background-attachment":"scroll","background-type":"","background-media":"","overlay-type":"","overlay-color":"","overlay-opacity":"","overlay-gradient":""},"mobile":{"background-color":"var(--ast-global-color-4)","background-image":"","background-repeat":"repeat","background-position":"center center","background-size":"auto","background-attachment":"scroll","background-type":"","background-media":"","overlay-type":"","overlay-color":"","overlay-opacity":"","overlay-gradient":""}},"footnotes":""},"class_list":["post-2502","page","type-page","status-publish","hentry"],"aioseo_notices":[],"spectra_custom_meta":{"_uag_css_file_name":["uag-css-2502.css"],"_elementor_page_assets":["a:0:{}"],"_uag_page_assets":["a:9:{s:3:\"css\";s:260:\".uag-blocks-common-selector{z-index:var(--z-index-desktop) !important}@media(max-width: 976px){.uag-blocks-common-selector{z-index:var(--z-index-tablet) !important}}@media(max-width: 767px){.uag-blocks-common-selector{z-index:var(--z-index-mobile) !important}}\";s:2:\"js\";s:0:\"\";s:18:\"current_block_list\";a:7:{i:0;s:11:\"core\/search\";i:1;s:10:\"core\/group\";i:2;s:12:\"core\/heading\";i:3;s:17:\"core\/latest-posts\";i:4;s:20:\"core\/latest-comments\";i:5;s:13:\"core\/archives\";i:6;s:15:\"core\/categories\";}s:8:\"uag_flag\";b:0;s:11:\"uag_version\";s:10:\"1777961688\";s:6:\"gfonts\";a:0:{}s:10:\"gfonts_url\";s:0:\"\";s:12:\"gfonts_files\";a:0:{}s:14:\"uag_faq_layout\";b:0;}"]},"uagb_featured_image_src":{"full":false,"thumbnail":false,"medium":false,"medium_large":false,"large":false,"1536x1536":false,"2048x2048":false,"trp-custom-language-flag":false},"uagb_author_info":{"display_name":"Pau Marqu\u00e8s","author_link":"https:\/\/windcatactivities.com\/en\/author\/pau-marques\/"},"uagb_comment_info":0,"uagb_excerpt":"1. Responsable del tratamiento Responsable: Pau Marqu\u00e8s Emo NIF: 46125239G Domicilio: Carrer de Cal\u00e0bria 161, Barcelona Email: info@windcatactivities.com Tel\u00e9fono: +34 [&hellip;]","_links":{"self":[{"href":"https:\/\/windcatactivities.com\/en\/wp-json\/wp\/v2\/pages\/2502","targetHints":{"allow":["GET"]}}],"collection":[{"href":"https:\/\/windcatactivities.com\/en\/wp-json\/wp\/v2\/pages"}],"about":[{"href":"https:\/\/windcatactivities.com\/en\/wp-json\/wp\/v2\/types\/page"}],"author":[{"embeddable":true,"href":"https:\/\/windcatactivities.com\/en\/wp-json\/wp\/v2\/users\/1"}],"replies":[{"embeddable":true,"href":"https:\/\/windcatactivities.com\/en\/wp-json\/wp\/v2\/comments?post=2502"}],"version-history":[{"count":1,"href":"https:\/\/windcatactivities.com\/en\/wp-json\/wp\/v2\/pages\/2502\/revisions"}],"predecessor-version":[{"id":2511,"href":"https:\/\/windcatactivities.com\/en\/wp-json\/wp\/v2\/pages\/2502\/revisions\/2511"}],"wp:attachment":[{"href":"https:\/\/windcatactivities.com\/en\/wp-json\/wp\/v2\/media?parent=2502"}],"curies":[{"name":"wp","href":"https:\/\/api.w.org\/{rel}","templated":true}]}}